{"id":442,"date":"2021-01-19T19:30:17","date_gmt":"2021-01-19T19:30:17","guid":{"rendered":"https:\/\/aparadio.com\/?page_id=442"},"modified":"2021-01-20T20:14:31","modified_gmt":"2021-01-20T20:14:31","slug":"gracias","status":"publish","type":"page","link":"https:\/\/aparadio.com\/?page_id=442","title":{"rendered":"GRACIAS"},"content":{"rendered":"<h1 style=\"text-align: center;\">Gracias<\/h1>\n<p>&nbsp;<\/p>\n<p style=\"text-align: justify;\">Gracias a los aportes de los oyentes es que el Sue\u00f1o\/Proyecto\u00a0 \u00ab<a href=\"https:\/\/aparadio.com\/\">APA Radio<\/a>\u00bb se puede mantener e ir desarrollando.<\/p>\n<p style=\"text-align: justify;\">Gracias a cada uno de los auspiciantes por confiar en nosotros para la difusi\u00f3n de su marca, producto o servicio.<\/p>\n<p style=\"text-align: justify;\">Cada aporte desde un mensaje , un disco, una historia, una foto o con lo que puedan contribuir econ\u00f3micamente nos ayuda much\u00edsimo, lo valoramos infinitamente y es nuestro motor para seguir convidando M\u00fasica y las mejores vibras a trav\u00e9s de la emisora.\u00a0 Cada vez somos m\u00e1s y se hace mas simple el fluir juntos.<\/p>\n<p style=\"text-align: justify;\">Agradecemos tambi\u00e9n a <a href=\"https:\/\/gardelradio.com\/\" target=\"_blank\" rel=\"noopener\">Gardel Radio<\/a>, emprendimiento similar con el cual compartimos algunos profesionales, y nos da la oportunidad de seguir construyendo nuestro sue\u00f1o.<\/p>\n<p style=\"text-align: justify;\">El despertar de la conciencia por medio del arte y la cooperaci\u00f3n. One Love. Verdadera conciencia de Unidad.<\/p>\n<p style=\"text-align: justify;\">Muchas gracias por estar y cada gesto de amor.<\/p>\n<p>&nbsp;<\/p>\n<form action=\"https:\/\/www.paypal.com\/cgi-bin\/webscr\" method=\"post\" target=\"_top\"><input name=\"cmd\" type=\"hidden\" value=\"_s-xclick\" \/><br \/>\n<input name=\"hosted_button_id\" type=\"hidden\" value=\"ENP5HRTNRQT2L\" \/><br \/>\n<input title=\"PayPal - The safer, easier way to pay online!\" alt=\"Donate with PayPal button\" name=\"submit\" src=\"https:\/\/www.paypalobjects.com\/en_US\/i\/btn\/btn_donateCC_LG.gif\" type=\"image\" \/><\/p>\n<h2>La gratitud<\/h2>\n<p>&nbsp;<\/p>\n<p style=\"text-align: justify;\">La gratitud act\u00faa a trav\u00e9s de una ley Universal que gobierna toda nuestra vida. Seg\u00fan la <a href=\"https:\/\/www.thesecret.tv\/\" target=\"_blank\" rel=\"noopener noreferrer\">ley de la atracci\u00f3n<\/a>, que rige toda la energ\u00eda de nuestro Universo, lo semejante atrae a lo semejante. En nuestras vidas, esta ley act\u00faa a trav\u00e9s de nuestros pensamientos y sentimientos a cada instante. Atraemos todo lo que pensamos y sentimos.<\/p>\n<p style=\"text-align: justify;\">La gratitud es riqueza. \u00a1Camina confiado en la direcci\u00f3n de tus sue\u00f1os! Vive la vida que imaginaste. Al simplificar tu vida, las leyes del universo ser\u00e1n mas simples.<\/p>\n<p style=\"text-align: justify;\">En conclusi\u00f3n, la gratitud es la respuesta, es el remedio para las relaciones dif\u00edciles o rotas, para la falta de salud o de dinero y para la falta de felicidad. La gratitud elimina el miedo, la preocupaci\u00f3n, la tristeza y la depresi\u00f3n, y aporta mucha felicidad a nuestros d\u00edas, claridad, paciencia, amabilidad, comprensi\u00f3n, compasi\u00f3n, alegr\u00eda, paz y amor. La gratitud aporta los medios para realizar nuestros sue\u00f1os e iluminar nuestros entornos.<\/p>\n<p>&nbsp;<\/p>\n<h2>Imaginemos<\/h2>\n<p>&nbsp;<\/p>\n<p style=\"text-align: justify;\">Si la gratitud fuera una asignatura obligatoria u opcional en las escuelas y en centros de formaci\u00f3n, ver\u00edamos una nueva generaci\u00f3n que har\u00edan evolucionar nuestra civilizaci\u00f3n mediante sus espectaculares logros y descubrimientos, se eliminar\u00edan un mont\u00f3n de conflictos, se terminar\u00edan las guerras y seguramente aportar\u00edan a la construcci\u00f3n de la Paz en el mundo. Que en definitiva es el sue\u00f1os de muchas personas. Un mundo sin fronteras, con plena unidad. Como lo reza John Lennon en su himno \u00abimagine\u00bb<\/p>\n<p style=\"text-align: justify;\">Las naciones que guiar\u00e1n el mundo en el futuro ser\u00e1n aquellas cuyos lideres y ciudadanos sientan m\u00e1s agradecimiento. La gratitud de los ciudadanos har\u00e1 que su pa\u00eds prospere y crezca, que la inequidad y las enfermedades disminuyan fuertemente, que crezca la producci\u00f3n de sus empresas y que la paz, la alegr\u00eda y el amor se extienda por todo su territorio. La pobreza desaparecer\u00e1, y ni una sola persona pasar\u00e1 hambre, porque una nac\u00ed\u00f3n agradecida no lo permitir\u00eda jam\u00e1s.<\/p>\n<p><img loading=\"lazy\" decoding=\"async\" src=\"https:\/\/www.paypal.com\/en_AR\/i\/scr\/pixel.gif\" alt=\"\" width=\"1\" height=\"1\" border=\"0\" \/><img loading=\"lazy\" decoding=\"async\" class=\"wp-image-202 aligncenter\" src=\"http:\/\/aparadio.com\/wp-content\/uploads\/2016\/12\/APA-lenon-199x300.jpg\" alt=\"apa-lenon\" width=\"341\" height=\"514\" srcset=\"https:\/\/aparadio.com\/wp-content\/uploads\/2016\/12\/APA-lenon-199x300.jpg 199w, https:\/\/aparadio.com\/wp-content\/uploads\/2016\/12\/APA-lenon-100x150.jpg 100w, https:\/\/aparadio.com\/wp-content\/uploads\/2016\/12\/APA-lenon.jpg 300w\" sizes=\"auto, (max-width: 341px) 100vw, 341px\" \/><\/p>\n<p>&nbsp;<\/p>\n<p style=\"text-align: center;\"><a class=\"maxbutton-1 maxbutton maxbutton-gracias\" href=\"https:\/\/aparadio.com\/?page_id=442\"><span class='mb-text'>GRACIAS<\/span><\/a>\n<p style=\"text-align: center;\"><!-- Widget Shortcode -->\t\t<div class=\"pp-column column1\">\n\t\t\t\t\t\t\t<a href=\"https:\/\/aparadio.com\/?page_id=12\"  class=\"clickable-column\">\n\t\t\t\t\t\t\t\t\t<\/a>\n\n\t\t\t\t<div class=\"column-image\">\n\t\t\t\t\t<div class=\"column-image-inside\">  <\/div>\n\t\t\t\t\t\t<a href=\"https:\/\/aparadio.com\/?page_id=12\"  class=\"clickable-column\">\n\t\t\t\t\t\t\t<img decoding=\"async\" src=\"https:\/\/aparadio.com\/wp-content\/uploads\/2021\/01\/Radio-08.gif\" alt=\"\" \/>\n\t\t\t\t\t\t<\/a>\n\t\t\t\t\t\n\t\t\t\t\t\t\t\t\t\t\t\t\t\t\t\t<div class=\"columnmore\">\n\t\t\t\t\t\t\t<a href=\"https:\/\/aparadio.com\/?page_id=12\" >Play - One Love <i class=\"column-arrow\"><\/i> <\/a>\n\t\t\t\t\t\t<\/div>\n\t\t\t\t\t\t\t\t\t<\/div><!--column-image-->\n\t\t\t\t\t<\/div><!-- column -->\n\t<!-- \/Widget Shortcode -->\n<\/form>\n","protected":false},"excerpt":{"rendered":"<p>Gracias &nbsp; Gracias a los aportes de los oyentes es que el Sue\u00f1o\/Proyecto\u00a0 \u00abAPA Radio\u00bb se puede mantener e ir desarrollando. Gracias a cada uno de los auspiciantes por confiar en nosotros para la difusi\u00f3n de su marca, producto o servicio. Cada aporte desde un mensaje , un disco, una\u2026<\/p>\n<p class=\"continue-reading-button\"> <a class=\"continue-reading-link\" href=\"https:\/\/aparadio.com\/?page_id=442\">Fluir&#8230;<i class=\"crycon-right-dir\"><\/i><\/a><\/p>\n","protected":false},"author":1,"featured_media":0,"parent":0,"menu_order":0,"comment_status":"closed","ping_status":"closed","template":"","meta":{"footnotes":""},"class_list":["post-442","page","type-page","status-publish","hentry"],"yoast_head":"<!-- This site is optimized with the Yoast SEO plugin v24.9 - https:\/\/yoast.com\/wordpress\/plugins\/seo\/ -->\n<title>GRACIAS - ((( APA RADIO )))<\/title>\n<meta name=\"robots\" content=\"index, follow, max-snippet:-1, max-image-preview:large, max-video-preview:-1\" \/>\n<link rel=\"canonical\" href=\"https:\/\/aparadio.com\/?page_id=442\" \/>\n<meta property=\"og:locale\" content=\"es_ES\" \/>\n<meta property=\"og:type\" content=\"article\" \/>\n<meta property=\"og:title\" content=\"GRACIAS - ((( APA RADIO )))\" \/>\n<meta property=\"og:description\" content=\"Gracias &nbsp; Gracias a los aportes de los oyentes es que el Sue\u00f1o\/Proyecto\u00a0 \u00abAPA Radio\u00bb se puede mantener e ir desarrollando. Gracias a cada uno de los auspiciantes por confiar en nosotros para la difusi\u00f3n de su marca, producto o servicio. Cada aporte desde un mensaje , un disco, una\u2026 Fluir...\" \/>\n<meta property=\"og:url\" content=\"https:\/\/aparadio.com\/?page_id=442\" \/>\n<meta property=\"og:site_name\" content=\"((( APA RADIO )))\" \/>\n<meta property=\"article:modified_time\" content=\"2021-01-20T20:14:31+00:00\" \/>\n<meta property=\"og:image\" content=\"https:\/\/www.paypal.com\/en_AR\/i\/scr\/pixel.gif\" \/>\n<meta name=\"twitter:card\" content=\"summary_large_image\" \/>\n<meta name=\"twitter:label1\" content=\"Tiempo de lectura\" \/>\n\t<meta name=\"twitter:data1\" content=\"3 minutos\" \/>\n<script type=\"application\/ld+json\" class=\"yoast-schema-graph\">{\"@context\":\"https:\/\/schema.org\",\"@graph\":[{\"@type\":\"WebPage\",\"@id\":\"https:\/\/aparadio.com\/?page_id=442\",\"url\":\"https:\/\/aparadio.com\/?page_id=442\",\"name\":\"GRACIAS - ((( APA RADIO )))\",\"isPartOf\":{\"@id\":\"https:\/\/aparadio.com\/#website\"},\"primaryImageOfPage\":{\"@id\":\"https:\/\/aparadio.com\/?page_id=442#primaryimage\"},\"image\":{\"@id\":\"https:\/\/aparadio.com\/?page_id=442#primaryimage\"},\"thumbnailUrl\":\"https:\/\/www.paypal.com\/en_AR\/i\/scr\/pixel.gif\",\"datePublished\":\"2021-01-19T19:30:17+00:00\",\"dateModified\":\"2021-01-20T20:14:31+00:00\",\"breadcrumb\":{\"@id\":\"https:\/\/aparadio.com\/?page_id=442#breadcrumb\"},\"inLanguage\":\"es\",\"potentialAction\":[{\"@type\":\"ReadAction\",\"target\":[\"https:\/\/aparadio.com\/?page_id=442\"]}]},{\"@type\":\"ImageObject\",\"inLanguage\":\"es\",\"@id\":\"https:\/\/aparadio.com\/?page_id=442#primaryimage\",\"url\":\"https:\/\/www.paypal.com\/en_AR\/i\/scr\/pixel.gif\",\"contentUrl\":\"https:\/\/www.paypal.com\/en_AR\/i\/scr\/pixel.gif\"},{\"@type\":\"BreadcrumbList\",\"@id\":\"https:\/\/aparadio.com\/?page_id=442#breadcrumb\",\"itemListElement\":[{\"@type\":\"ListItem\",\"position\":1,\"name\":\"Portada\",\"item\":\"https:\/\/aparadio.com\/\"},{\"@type\":\"ListItem\",\"position\":2,\"name\":\"GRACIAS\"}]},{\"@type\":\"WebSite\",\"@id\":\"https:\/\/aparadio.com\/#website\",\"url\":\"https:\/\/aparadio.com\/\",\"name\":\"((( APA RADIO )))\",\"description\":\"\",\"publisher\":{\"@id\":\"https:\/\/aparadio.com\/#organization\"},\"potentialAction\":[{\"@type\":\"SearchAction\",\"target\":{\"@type\":\"EntryPoint\",\"urlTemplate\":\"https:\/\/aparadio.com\/?s={search_term_string}\"},\"query-input\":{\"@type\":\"PropertyValueSpecification\",\"valueRequired\":true,\"valueName\":\"search_term_string\"}}],\"inLanguage\":\"es\"},{\"@type\":\"Organization\",\"@id\":\"https:\/\/aparadio.com\/#organization\",\"name\":\"APA Radio\",\"url\":\"https:\/\/aparadio.com\/\",\"logo\":{\"@type\":\"ImageObject\",\"inLanguage\":\"es\",\"@id\":\"https:\/\/aparadio.com\/#\/schema\/logo\/image\/\",\"url\":\"https:\/\/aparadio.com\/wp-content\/uploads\/2016\/11\/cropped-AAPA-ovalo.png\",\"contentUrl\":\"https:\/\/aparadio.com\/wp-content\/uploads\/2016\/11\/cropped-AAPA-ovalo.png\",\"width\":512,\"height\":512,\"caption\":\"APA Radio\"},\"image\":{\"@id\":\"https:\/\/aparadio.com\/#\/schema\/logo\/image\/\"}}]}<\/script>\n<!-- \/ Yoast SEO plugin. -->","yoast_head_json":{"title":"GRACIAS - ((( APA RADIO )))","robots":{"index":"index","follow":"follow","max-snippet":"max-snippet:-1","max-image-preview":"max-image-preview:large","max-video-preview":"max-video-preview:-1"},"canonical":"https:\/\/aparadio.com\/?page_id=442","og_locale":"es_ES","og_type":"article","og_title":"GRACIAS - ((( APA RADIO )))","og_description":"Gracias &nbsp; Gracias a los aportes de los oyentes es que el Sue\u00f1o\/Proyecto\u00a0 \u00abAPA Radio\u00bb se puede mantener e ir desarrollando. Gracias a cada uno de los auspiciantes por confiar en nosotros para la difusi\u00f3n de su marca, producto o servicio. Cada aporte desde un mensaje , un disco, una\u2026 Fluir...","og_url":"https:\/\/aparadio.com\/?page_id=442","og_site_name":"((( APA RADIO )))","article_modified_time":"2021-01-20T20:14:31+00:00","og_image":[{"url":"https:\/\/www.paypal.com\/en_AR\/i\/scr\/pixel.gif","type":"","width":"","height":""}],"twitter_card":"summary_large_image","twitter_misc":{"Tiempo de lectura":"3 minutos"},"schema":{"@context":"https:\/\/schema.org","@graph":[{"@type":"WebPage","@id":"https:\/\/aparadio.com\/?page_id=442","url":"https:\/\/aparadio.com\/?page_id=442","name":"GRACIAS - ((( APA RADIO )))","isPartOf":{"@id":"https:\/\/aparadio.com\/#website"},"primaryImageOfPage":{"@id":"https:\/\/aparadio.com\/?page_id=442#primaryimage"},"image":{"@id":"https:\/\/aparadio.com\/?page_id=442#primaryimage"},"thumbnailUrl":"https:\/\/www.paypal.com\/en_AR\/i\/scr\/pixel.gif","datePublished":"2021-01-19T19:30:17+00:00","dateModified":"2021-01-20T20:14:31+00:00","breadcrumb":{"@id":"https:\/\/aparadio.com\/?page_id=442#breadcrumb"},"inLanguage":"es","potentialAction":[{"@type":"ReadAction","target":["https:\/\/aparadio.com\/?page_id=442"]}]},{"@type":"ImageObject","inLanguage":"es","@id":"https:\/\/aparadio.com\/?page_id=442#primaryimage","url":"https:\/\/www.paypal.com\/en_AR\/i\/scr\/pixel.gif","contentUrl":"https:\/\/www.paypal.com\/en_AR\/i\/scr\/pixel.gif"},{"@type":"BreadcrumbList","@id":"https:\/\/aparadio.com\/?page_id=442#breadcrumb","itemListElement":[{"@type":"ListItem","position":1,"name":"Portada","item":"https:\/\/aparadio.com\/"},{"@type":"ListItem","position":2,"name":"GRACIAS"}]},{"@type":"WebSite","@id":"https:\/\/aparadio.com\/#website","url":"https:\/\/aparadio.com\/","name":"((( APA RADIO )))","description":"","publisher":{"@id":"https:\/\/aparadio.com\/#organization"},"potentialAction":[{"@type":"SearchAction","target":{"@type":"EntryPoint","urlTemplate":"https:\/\/aparadio.com\/?s={search_term_string}"},"query-input":{"@type":"PropertyValueSpecification","valueRequired":true,"valueName":"search_term_string"}}],"inLanguage":"es"},{"@type":"Organization","@id":"https:\/\/aparadio.com\/#organization","name":"APA Radio","url":"https:\/\/aparadio.com\/","logo":{"@type":"ImageObject","inLanguage":"es","@id":"https:\/\/aparadio.com\/#\/schema\/logo\/image\/","url":"https:\/\/aparadio.com\/wp-content\/uploads\/2016\/11\/cropped-AAPA-ovalo.png","contentUrl":"https:\/\/aparadio.com\/wp-content\/uploads\/2016\/11\/cropped-AAPA-ovalo.png","width":512,"height":512,"caption":"APA Radio"},"image":{"@id":"https:\/\/aparadio.com\/#\/schema\/logo\/image\/"}}]}},"_links":{"self":[{"href":"https:\/\/aparadio.com\/index.php?rest_route=\/wp\/v2\/pages\/442","targetHints":{"allow":["GET"]}}],"collection":[{"href":"https:\/\/aparadio.com\/index.php?rest_route=\/wp\/v2\/pages"}],"about":[{"href":"https:\/\/aparadio.com\/index.php?rest_route=\/wp\/v2\/types\/page"}],"author":[{"embeddable":true,"href":"https:\/\/aparadio.com\/index.php?rest_route=\/wp\/v2\/users\/1"}],"replies":[{"embeddable":true,"href":"https:\/\/aparadio.com\/index.php?rest_route=%2Fwp%2Fv2%2Fcomments&post=442"}],"version-history":[{"count":0,"href":"https:\/\/aparadio.com\/index.php?rest_route=\/wp\/v2\/pages\/442\/revisions"}],"wp:attachment":[{"href":"https:\/\/aparadio.com\/index.php?rest_route=%2Fwp%2Fv2%2Fmedia&parent=442"}],"curies":[{"name":"wp","href":"https:\/\/api.w.org\/{rel}","templated":true}]}}