{"id":12,"date":"2016-11-24T15:54:37","date_gmt":"2016-11-24T15:54:37","guid":{"rendered":"http:\/\/aparadio.com\/?page_id=12"},"modified":"2024-09-01T03:36:42","modified_gmt":"2024-09-01T03:36:42","slug":"inicio","status":"publish","type":"page","link":"https:\/\/aparadio.com\/?page_id=12","title":{"rendered":"ONE LOVE &#8211; ONE PLAY"},"content":{"rendered":"<p>&nbsp;<\/p>\n<div class=\"su-audio\" data-id=\"su_audio_player_69f91f973b6fc\" data-audio=\"https:\/\/server.laradio.online\/proxy\/aparadio?mp=\/stream\" data-swf=\"https:\/\/aparadio.com\/wp-content\/plugins\/shortcodes-ultimate\/vendor\/jplayer\/jplayer.swf\" data-autoplay=\"yes\" data-loop=\"no\" style=\"\"><div id=\"su_audio_player_69f91f973b6fc\" class=\"jp-jplayer\"><\/div><div id=\"su_audio_player_69f91f973b6fc_container\" class=\"jp-audio\"><div class=\"jp-type-single\"><div class=\"jp-gui jp-interface\"><div class=\"jp-controls\"><span class=\"jp-play\"><\/span><span class=\"jp-pause\"><\/span><span class=\"jp-stop\"><\/span><span class=\"jp-mute\"><\/span><span class=\"jp-unmute\"><\/span><span class=\"jp-volume-max\"><\/span><\/div><div class=\"jp-progress\"><div class=\"jp-seek-bar\"><div class=\"jp-play-bar\"><\/div><\/div><\/div><div class=\"jp-volume-bar\"><div class=\"jp-volume-bar-value\"><\/div><\/div><div class=\"jp-current-time\"><\/div><div class=\"jp-duration\"><\/div><\/div><div class=\"jp-title\"><\/div><\/div><\/div><\/div>\n<p><center><\/center><center><\/center><center><\/center><center><\/center><center><\/center><center><\/center><center><\/center><center><\/center><center><\/center><center><\/center><center><\/center><center><\/center><center><\/center><center><\/center><center><img loading=\"lazy\" decoding=\"async\" class=\"alignnone size-medium wp-image-567\" src=\"https:\/\/aparadio.com\/wp-content\/uploads\/2023\/04\/monigotes-corto-1-300x50.png\" alt=\"\" width=\"300\" height=\"150\" \/><\/center><\/p>\n<p style=\"text-align: center;\"><a class=\"maxbutton-1 maxbutton maxbutton-gracias\" href=\"https:\/\/aparadio.com\/?page_id=442\"><span class='mb-text'>GRACIAS<\/span><\/a>\n<p>&nbsp;<\/p>\n<p>&nbsp;<\/p>\n<h3 style=\"text-align: center;\"><strong><span style=\"color: #339966;\">Esp\u00edritu y Esencia<\/span><\/strong><\/h3>\n<p>&nbsp;<\/p>\n<p style=\"text-align: justify;\">APA significa Alegr\u00eda \u2013 Paz \u2013 Amor. La esencia es transmitir a trav\u00e9s de la m\u00fasica, la art\u00edstica y los contenidos el mensaje. Sumar un peque\u00f1o granito de arena a la sociedad desde el arte y la comunicaci\u00f3n con buena energ\u00eda y vibras positivas. Poner el acento y la lupa en la unidad, la igualdad de los pueblos, el amor, la paz y la alegr\u00eda.<\/p>\n<p style=\"text-align: justify;\">Generamos Vibraciones Altas! Vibramos juntos y en armon\u00eda. Las mejores Vibras para vos. Gracias por Estar y Ser.\u00a0 Verdadera conciencia de unidad. Ese es nuestro mensaje.\u00a0 One Love.<\/p>\n<p>&nbsp;<\/p>\n<h5 style=\"text-align: center;\"><span style=\"color: #ff0000;\"><strong>La discoteca de APA esta llena de vinilos y cds con las mejores Vibras<\/strong><\/span><\/h5>\n<p>&nbsp;<\/p>\n<p><img loading=\"lazy\" decoding=\"async\" class=\"wp-image-321 aligncenter\" src=\"http:\/\/aparadio.com\/wp-content\/uploads\/2016\/11\/Dee-jay-300x225.jpg\" alt=\"\" width=\"339\" height=\"255\" srcset=\"https:\/\/aparadio.com\/wp-content\/uploads\/2016\/11\/Dee-jay-300x225.jpg 300w, https:\/\/aparadio.com\/wp-content\/uploads\/2016\/11\/Dee-jay-768x576.jpg 768w, https:\/\/aparadio.com\/wp-content\/uploads\/2016\/11\/Dee-jay-200x150.jpg 200w, https:\/\/aparadio.com\/wp-content\/uploads\/2016\/11\/Dee-jay-150x113.jpg 150w, https:\/\/aparadio.com\/wp-content\/uploads\/2016\/11\/Dee-jay.jpg 800w\" sizes=\"auto, (max-width: 339px) 100vw, 339px\" \/><\/p>\n<p style=\"text-align: justify;\"><span style=\"color: #0000ff;\">En APA amamos la m\u00fasica y nos gusta celebrar la Vida con ella. Aqu\u00ed compartimos algunos artistas y algunas canciones que disfrutamos d\u00e1ndole PLAY en la emisora. Estamos convencidos que con las melod\u00edas se transforma todo. As\u00ed fluimos con Alegr\u00eda, Paz y Amor. One love &#8211; One Heart.<\/span><\/p>\n<p>&nbsp;<\/p>\n<p><img loading=\"lazy\" decoding=\"async\" class=\" wp-image-327 aligncenter\" src=\"http:\/\/aparadio.com\/wp-content\/uploads\/2016\/11\/oka-300x94.jpg\" alt=\"\" width=\"437\" height=\"137\" srcset=\"https:\/\/aparadio.com\/wp-content\/uploads\/2016\/11\/oka-300x94.jpg 300w, https:\/\/aparadio.com\/wp-content\/uploads\/2016\/11\/oka-768x240.jpg 768w, https:\/\/aparadio.com\/wp-content\/uploads\/2016\/11\/oka-250x78.jpg 250w, https:\/\/aparadio.com\/wp-content\/uploads\/2016\/11\/oka-150x47.jpg 150w, https:\/\/aparadio.com\/wp-content\/uploads\/2016\/11\/oka.jpg 800w\" sizes=\"auto, (max-width: 437px) 100vw, 437px\" \/><\/p>\n<h3 style=\"text-align: center;\"><span style=\"color: #ff0000;\"><b>Energia Pura<\/b><\/span><\/h3>\n<p>&nbsp;<\/p>\n<p><img loading=\"lazy\" decoding=\"async\" class=\" wp-image-301 aligncenter\" src=\"http:\/\/aparadio.com\/wp-content\/uploads\/2016\/11\/Pachamama-300x200.jpg\" alt=\"Pachamama\" width=\"598\" height=\"398\" srcset=\"https:\/\/aparadio.com\/wp-content\/uploads\/2016\/11\/Pachamama-300x200.jpg 300w, https:\/\/aparadio.com\/wp-content\/uploads\/2016\/11\/Pachamama-225x150.jpg 225w, https:\/\/aparadio.com\/wp-content\/uploads\/2016\/11\/Pachamama-150x100.jpg 150w, https:\/\/aparadio.com\/wp-content\/uploads\/2016\/11\/Pachamama.jpg 750w\" sizes=\"auto, (max-width: 598px) 100vw, 598px\" \/><\/p>\n<p>&nbsp;<\/p>\n<p style=\"text-align: center;\"><a class=\"maxbutton-1 maxbutton maxbutton-gracias\" href=\"https:\/\/aparadio.com\/?page_id=442\"><span class='mb-text'>GRACIAS<\/span><\/a>\n","protected":false},"excerpt":{"rendered":"<p>&nbsp; &nbsp; &nbsp; Esp\u00edritu y Esencia &nbsp; APA significa Alegr\u00eda \u2013 Paz \u2013 Amor. La esencia es transmitir a trav\u00e9s de la m\u00fasica, la art\u00edstica y los contenidos el mensaje. Sumar un peque\u00f1o granito de arena a la sociedad desde el arte y la comunicaci\u00f3n con buena energ\u00eda y vibras\u2026<\/p>\n<p class=\"continue-reading-button\"> <a class=\"continue-reading-link\" href=\"https:\/\/aparadio.com\/?page_id=12\">Fluir&#8230;<i class=\"crycon-right-dir\"><\/i><\/a><\/p>\n","protected":false},"author":1,"featured_media":0,"parent":0,"menu_order":0,"comment_status":"closed","ping_status":"closed","template":"","meta":{"footnotes":""},"class_list":["post-12","page","type-page","status-publish","hentry"],"yoast_head":"<!-- This site is optimized with the Yoast SEO plugin v24.9 - https:\/\/yoast.com\/wordpress\/plugins\/seo\/ -->\n<title>ONE LOVE - ONE PLAY - ((( APA RADIO )))<\/title>\n<meta name=\"robots\" content=\"index, follow, max-snippet:-1, max-image-preview:large, max-video-preview:-1\" \/>\n<link rel=\"canonical\" href=\"https:\/\/aparadio.com\/?page_id=12\" \/>\n<meta property=\"og:locale\" content=\"es_ES\" \/>\n<meta property=\"og:type\" content=\"article\" \/>\n<meta property=\"og:title\" content=\"ONE LOVE - ONE PLAY - ((( APA RADIO )))\" \/>\n<meta property=\"og:description\" content=\"&nbsp; &nbsp; &nbsp; Esp\u00edritu y Esencia &nbsp; APA significa Alegr\u00eda \u2013 Paz \u2013 Amor. La esencia es transmitir a trav\u00e9s de la m\u00fasica, la art\u00edstica y los contenidos el mensaje. Sumar un peque\u00f1o granito de arena a la sociedad desde el arte y la comunicaci\u00f3n con buena energ\u00eda y vibras\u2026 Fluir...\" \/>\n<meta property=\"og:url\" content=\"https:\/\/aparadio.com\/?page_id=12\" \/>\n<meta property=\"og:site_name\" content=\"((( APA RADIO )))\" \/>\n<meta property=\"article:modified_time\" content=\"2024-09-01T03:36:42+00:00\" \/>\n<meta property=\"og:image\" content=\"https:\/\/aparadio.com\/wp-content\/uploads\/2023\/04\/monigotes-corto-1-300x50.png\" \/>\n<meta name=\"twitter:card\" content=\"summary_large_image\" \/>\n<meta name=\"twitter:label1\" content=\"Tiempo de lectura\" \/>\n\t<meta name=\"twitter:data1\" content=\"2 minutos\" \/>\n<script type=\"application\/ld+json\" class=\"yoast-schema-graph\">{\"@context\":\"https:\/\/schema.org\",\"@graph\":[{\"@type\":\"WebPage\",\"@id\":\"https:\/\/aparadio.com\/?page_id=12\",\"url\":\"https:\/\/aparadio.com\/?page_id=12\",\"name\":\"ONE LOVE - ONE PLAY - ((( APA RADIO )))\",\"isPartOf\":{\"@id\":\"https:\/\/aparadio.com\/#website\"},\"primaryImageOfPage\":{\"@id\":\"https:\/\/aparadio.com\/?page_id=12#primaryimage\"},\"image\":{\"@id\":\"https:\/\/aparadio.com\/?page_id=12#primaryimage\"},\"thumbnailUrl\":\"https:\/\/aparadio.com\/wp-content\/uploads\/2023\/04\/monigotes-corto-1-300x50.png\",\"datePublished\":\"2016-11-24T15:54:37+00:00\",\"dateModified\":\"2024-09-01T03:36:42+00:00\",\"breadcrumb\":{\"@id\":\"https:\/\/aparadio.com\/?page_id=12#breadcrumb\"},\"inLanguage\":\"es\",\"potentialAction\":[{\"@type\":\"ReadAction\",\"target\":[\"https:\/\/aparadio.com\/?page_id=12\"]}]},{\"@type\":\"ImageObject\",\"inLanguage\":\"es\",\"@id\":\"https:\/\/aparadio.com\/?page_id=12#primaryimage\",\"url\":\"https:\/\/aparadio.com\/wp-content\/uploads\/2023\/04\/monigotes-corto-1.png\",\"contentUrl\":\"https:\/\/aparadio.com\/wp-content\/uploads\/2023\/04\/monigotes-corto-1.png\",\"width\":765,\"height\":128},{\"@type\":\"BreadcrumbList\",\"@id\":\"https:\/\/aparadio.com\/?page_id=12#breadcrumb\",\"itemListElement\":[{\"@type\":\"ListItem\",\"position\":1,\"name\":\"Portada\",\"item\":\"https:\/\/aparadio.com\/\"},{\"@type\":\"ListItem\",\"position\":2,\"name\":\"ONE LOVE &#8211; ONE PLAY\"}]},{\"@type\":\"WebSite\",\"@id\":\"https:\/\/aparadio.com\/#website\",\"url\":\"https:\/\/aparadio.com\/\",\"name\":\"((( APA RADIO )))\",\"description\":\"\",\"publisher\":{\"@id\":\"https:\/\/aparadio.com\/#organization\"},\"potentialAction\":[{\"@type\":\"SearchAction\",\"target\":{\"@type\":\"EntryPoint\",\"urlTemplate\":\"https:\/\/aparadio.com\/?s={search_term_string}\"},\"query-input\":{\"@type\":\"PropertyValueSpecification\",\"valueRequired\":true,\"valueName\":\"search_term_string\"}}],\"inLanguage\":\"es\"},{\"@type\":\"Organization\",\"@id\":\"https:\/\/aparadio.com\/#organization\",\"name\":\"APA Radio\",\"url\":\"https:\/\/aparadio.com\/\",\"logo\":{\"@type\":\"ImageObject\",\"inLanguage\":\"es\",\"@id\":\"https:\/\/aparadio.com\/#\/schema\/logo\/image\/\",\"url\":\"https:\/\/aparadio.com\/wp-content\/uploads\/2016\/11\/cropped-AAPA-ovalo.png\",\"contentUrl\":\"https:\/\/aparadio.com\/wp-content\/uploads\/2016\/11\/cropped-AAPA-ovalo.png\",\"width\":512,\"height\":512,\"caption\":\"APA Radio\"},\"image\":{\"@id\":\"https:\/\/aparadio.com\/#\/schema\/logo\/image\/\"}}]}<\/script>\n<!-- \/ Yoast SEO plugin. -->","yoast_head_json":{"title":"ONE LOVE - ONE PLAY - ((( APA RADIO )))","robots":{"index":"index","follow":"follow","max-snippet":"max-snippet:-1","max-image-preview":"max-image-preview:large","max-video-preview":"max-video-preview:-1"},"canonical":"https:\/\/aparadio.com\/?page_id=12","og_locale":"es_ES","og_type":"article","og_title":"ONE LOVE - ONE PLAY - ((( APA RADIO )))","og_description":"&nbsp; &nbsp; &nbsp; Esp\u00edritu y Esencia &nbsp; APA significa Alegr\u00eda \u2013 Paz \u2013 Amor. La esencia es transmitir a trav\u00e9s de la m\u00fasica, la art\u00edstica y los contenidos el mensaje. Sumar un peque\u00f1o granito de arena a la sociedad desde el arte y la comunicaci\u00f3n con buena energ\u00eda y vibras\u2026 Fluir...","og_url":"https:\/\/aparadio.com\/?page_id=12","og_site_name":"((( APA RADIO )))","article_modified_time":"2024-09-01T03:36:42+00:00","og_image":[{"url":"https:\/\/aparadio.com\/wp-content\/uploads\/2023\/04\/monigotes-corto-1-300x50.png","type":"","width":"","height":""}],"twitter_card":"summary_large_image","twitter_misc":{"Tiempo de lectura":"2 minutos"},"schema":{"@context":"https:\/\/schema.org","@graph":[{"@type":"WebPage","@id":"https:\/\/aparadio.com\/?page_id=12","url":"https:\/\/aparadio.com\/?page_id=12","name":"ONE LOVE - ONE PLAY - ((( APA RADIO )))","isPartOf":{"@id":"https:\/\/aparadio.com\/#website"},"primaryImageOfPage":{"@id":"https:\/\/aparadio.com\/?page_id=12#primaryimage"},"image":{"@id":"https:\/\/aparadio.com\/?page_id=12#primaryimage"},"thumbnailUrl":"https:\/\/aparadio.com\/wp-content\/uploads\/2023\/04\/monigotes-corto-1-300x50.png","datePublished":"2016-11-24T15:54:37+00:00","dateModified":"2024-09-01T03:36:42+00:00","breadcrumb":{"@id":"https:\/\/aparadio.com\/?page_id=12#breadcrumb"},"inLanguage":"es","potentialAction":[{"@type":"ReadAction","target":["https:\/\/aparadio.com\/?page_id=12"]}]},{"@type":"ImageObject","inLanguage":"es","@id":"https:\/\/aparadio.com\/?page_id=12#primaryimage","url":"https:\/\/aparadio.com\/wp-content\/uploads\/2023\/04\/monigotes-corto-1.png","contentUrl":"https:\/\/aparadio.com\/wp-content\/uploads\/2023\/04\/monigotes-corto-1.png","width":765,"height":128},{"@type":"BreadcrumbList","@id":"https:\/\/aparadio.com\/?page_id=12#breadcrumb","itemListElement":[{"@type":"ListItem","position":1,"name":"Portada","item":"https:\/\/aparadio.com\/"},{"@type":"ListItem","position":2,"name":"ONE LOVE &#8211; ONE PLAY"}]},{"@type":"WebSite","@id":"https:\/\/aparadio.com\/#website","url":"https:\/\/aparadio.com\/","name":"((( APA RADIO )))","description":"","publisher":{"@id":"https:\/\/aparadio.com\/#organization"},"potentialAction":[{"@type":"SearchAction","target":{"@type":"EntryPoint","urlTemplate":"https:\/\/aparadio.com\/?s={search_term_string}"},"query-input":{"@type":"PropertyValueSpecification","valueRequired":true,"valueName":"search_term_string"}}],"inLanguage":"es"},{"@type":"Organization","@id":"https:\/\/aparadio.com\/#organization","name":"APA Radio","url":"https:\/\/aparadio.com\/","logo":{"@type":"ImageObject","inLanguage":"es","@id":"https:\/\/aparadio.com\/#\/schema\/logo\/image\/","url":"https:\/\/aparadio.com\/wp-content\/uploads\/2016\/11\/cropped-AAPA-ovalo.png","contentUrl":"https:\/\/aparadio.com\/wp-content\/uploads\/2016\/11\/cropped-AAPA-ovalo.png","width":512,"height":512,"caption":"APA Radio"},"image":{"@id":"https:\/\/aparadio.com\/#\/schema\/logo\/image\/"}}]}},"_links":{"self":[{"href":"https:\/\/aparadio.com\/index.php?rest_route=\/wp\/v2\/pages\/12","targetHints":{"allow":["GET"]}}],"collection":[{"href":"https:\/\/aparadio.com\/index.php?rest_route=\/wp\/v2\/pages"}],"about":[{"href":"https:\/\/aparadio.com\/index.php?rest_route=\/wp\/v2\/types\/page"}],"author":[{"embeddable":true,"href":"https:\/\/aparadio.com\/index.php?rest_route=\/wp\/v2\/users\/1"}],"replies":[{"embeddable":true,"href":"https:\/\/aparadio.com\/index.php?rest_route=%2Fwp%2Fv2%2Fcomments&post=12"}],"version-history":[{"count":0,"href":"https:\/\/aparadio.com\/index.php?rest_route=\/wp\/v2\/pages\/12\/revisions"}],"wp:attachment":[{"href":"https:\/\/aparadio.com\/index.php?rest_route=%2Fwp%2Fv2%2Fmedia&parent=12"}],"curies":[{"name":"wp","href":"https:\/\/api.w.org\/{rel}","templated":true}]}}